{"id":10,"date":"2022-02-03T09:59:42","date_gmt":"2022-02-03T09:59:42","guid":{"rendered":"https:\/\/opinheirinho.wordpress.com\/?page_id=9"},"modified":"2025-05-14T15:54:10","modified_gmt":"2025-05-14T15:54:10","slug":"home-2","status":"publish","type":"page","link":"https:\/\/pinheirinhorestaurante.pt\/","title":{"rendered":""},"content":{"rendered":"\n<div class=\"wp-block-cover alignfull is-light\"><span aria-hidden=\"true\" class=\"wp-block-cover__background has-background-dim-20 has-background-dim\" style=\"background-color:#000000\"><\/span><img decoding=\"async\" class=\"wp-block-cover__image-background wp-image-27\" alt=\"\" src=\"https:\/\/pinheirinhorestaurante.pt\/wp-content\/uploads\/2022\/06\/img_7434.jpg\" style=\"object-position:66% 42%\" data-object-fit=\"cover\" data-object-position=\"66% 42%\"\/><div class=\"wp-block-cover__inner-container is-layout-flow wp-block-cover-is-layout-flow\">\n<hr class=\"wp-block-separator has-css-opacity\"\/>\n\n\n\n<div style=\"height:20px\" aria-hidden=\"true\" class=\"wp-block-spacer\"><\/div>\n\n\n\n<h2 class=\"wp-block-heading has-text-align-center has-background-color has-text-color\">O Pinheirinho<\/h2>\n\n\n\n<div style=\"height:20px\" aria-hidden=\"true\" class=\"wp-block-spacer\"><\/div>\n\n\n\n<hr class=\"wp-block-separator has-css-opacity\"\/>\n<\/div><\/div>\n\n\n\n<div style=\"height:84px\" aria-hidden=\"true\" class=\"wp-block-spacer\"><\/div>\n\n\n\n<h4 class=\"wp-block-heading has-text-align-center\">Bons Sabores<\/h4>\n\n\n\n<div style=\"height:20px\" aria-hidden=\"true\" class=\"wp-block-spacer\"><\/div>\n\n\n\n<p class=\"has-text-align-center\">Aqui os sabores e os aromas misturam-se para lhe proporcionar uma experi\u00eancia \u00fanica. Peixes, carnes, grelhados ou cozinhados como manda a tradi\u00e7\u00e3o, s\u00e3o apresentados para deliciar os olhos e o paladar. <\/p>\n\n\n\n<div style=\"height:84px\" aria-hidden=\"true\" class=\"wp-block-spacer\"><\/div>\n\n\n\n<div class=\"wp-block-cover alignfull has-parallax\"><span aria-hidden=\"true\" class=\"wp-block-cover__background has-background-dim-20 has-background-dim\" style=\"background-color:#000000\"><\/span><div role=\"img\" class=\"wp-block-cover__image-background wp-image-30 has-parallax\" style=\"background-position:50% 50%;background-image:url(https:\/\/pinheirinhorestaurante.pt\/wp-content\/uploads\/2022\/06\/img_7507-2.jpg)\"><\/div><div class=\"wp-block-cover__inner-container is-layout-flow wp-block-cover-is-layout-flow\">\n<hr class=\"wp-block-separator has-css-opacity\"\/>\n\n\n\n<div style=\"height:20px\" aria-hidden=\"true\" class=\"wp-block-spacer\"><\/div>\n\n\n\n<h2 class=\"wp-block-heading has-text-align-center has-tertiary-color has-text-color\">Descubra os nossos sabores<\/h2>\n\n\n\n<div style=\"height:20px\" aria-hidden=\"true\" class=\"wp-block-spacer\"><\/div>\n\n\n\n<hr class=\"wp-block-separator has-css-opacity\"\/>\n<\/div><\/div>\n\n\n\n<div style=\"height:84px\" aria-hidden=\"true\" class=\"wp-block-spacer\"><\/div>\n\n\n\n<p>A nossa ementa \u00e9 inspirada na tradicional gastronomia portuguesa, fazendo particular homenagem, \u00e0 cozinha tradicional minhota. <\/p>\n\n\n\n<div style=\"height:32px\" aria-hidden=\"true\" class=\"wp-block-spacer\"><\/div>\n\n\n\n<hr class=\"wp-block-separator has-css-opacity\"\/>\n\n\n\n<div style=\"height:32px\" aria-hidden=\"true\" class=\"wp-block-spacer\"><\/div>\n\n\n\n<h4 class=\"wp-block-heading has-text-align-center\">As nossas especialidades<\/h4>\n\n\n\n<div style=\"height:20px\" aria-hidden=\"true\" class=\"wp-block-spacer\"><\/div>\n\n\n\n<div class=\"wp-block-columns alignwide is-layout-flex wp-container-6 wp-block-columns-is-layout-flex\">\n<div class=\"wp-block-column is-layout-flow wp-block-column-is-layout-flow\">\n<h6 class=\"wp-block-heading\">\u00c1 l\u00e1 Carte<\/h6>\n\n\n\n<p>Do bacalhau confeccionado com tradi\u00e7\u00e3o, \u00e0s espetadas de mar, ao polvo, passando pela incontorn\u00e1vel Carne Cachena e o Naco da casa. <\/p>\n<\/div>\n\n\n\n<div class=\"wp-block-column is-layout-flow wp-block-column-is-layout-flow\">\n<h6 class=\"wp-block-heading\">Pratos do dia<\/h6>\n\n\n\n<p>Sempre com a op\u00e7\u00e3o de carne, peixe e grelhados, as nossas di\u00e1rias s\u00e3o confeccionadas com os produtos frescos do dia. <\/p>\n<\/div>\n\n\n\n<div class=\"wp-block-column is-layout-flow wp-block-column-is-layout-flow\">\n<h6 class=\"wp-block-heading\">Take-Away<\/h6>\n\n\n\n<p>Selecione os pratos que mais gosta e reserve. Depois, basta levantar a sua encomenda no nosso restaurante. <\/p>\n<\/div>\n<\/div>\n\n\n\n<div style=\"height:20px\" aria-hidden=\"true\" class=\"wp-block-spacer\"><\/div>\n\n\n\n<div class=\"wp-block-cover alignfull has-parallax\"><span aria-hidden=\"true\" class=\"wp-block-cover__background has-background-dim-20 has-background-dim\" style=\"background-color:#000000\"><\/span><div role=\"img\" class=\"wp-block-cover__image-background wp-image-37 has-parallax\" style=\"background-position:50% 50%;background-image:url(https:\/\/pinheirinhorestaurante.pt\/wp-content\/uploads\/2022\/06\/img_7581.jpg)\"><\/div><div class=\"wp-block-cover__inner-container is-layout-flow wp-block-cover-is-layout-flow\">\n<hr class=\"wp-block-separator has-css-opacity\"\/>\n\n\n\n<div style=\"height:20px\" aria-hidden=\"true\" class=\"wp-block-spacer\"><\/div>\n\n\n\n<h2 class=\"wp-block-heading has-text-align-center has-background-color has-text-color\">Fa\u00e7a a sua reserva<\/h2>\n\n\n\n<div style=\"height:20px\" aria-hidden=\"true\" class=\"wp-block-spacer\"><\/div>\n\n\n\n<hr class=\"wp-block-separator has-css-opacity\"\/>\n<\/div><\/div>\n\n\n\n<div style=\"height:84px\" aria-hidden=\"true\" class=\"wp-block-spacer\"><\/div>\n\n\n\n<div style=\"height:84px\" aria-hidden=\"true\" class=\"wp-block-spacer\"><\/div>\n\n\n\n<p>Para reservas contacte:  <\/p>\n\n\n\n<div class=\"wp-block-buttons is-layout-flex wp-block-buttons-is-layout-flex\">\n<div class=\"wp-block-button is-style-outline\"><a class=\"wp-block-button__link wp-element-button\" href=\"tel:+351258111076\">+351 258 111 076*<\/a><\/div>\n\n\n\n<div class=\"wp-block-button is-style-outline\"><a class=\"wp-block-button__link wp-element-button\" href=\"tel:+351964688079\">+351 964 688 079*<\/a><\/div>\n<\/div>\n\n\n\n<p>*chamada para rede fixa\/m\u00f3vel nacional<\/p>\n\n\n\n<div class=\"wp-block-jetpack-contact-form\">\n\n\n\n\n\n<\/div>\n\n\n\n<div style=\"height:84px\" aria-hidden=\"true\" class=\"wp-block-spacer\"><\/div>\n\n\n\n<div class=\"wp-block-cover alignfull has-parallax\"><span aria-hidden=\"true\" class=\"wp-block-cover__background has-background-dim-60 has-background-dim\" style=\"background-color:#000000\"><\/span><div role=\"img\" class=\"wp-block-cover__image-background wp-image-40 has-parallax\" style=\"background-position:50% 50%;background-image:url(https:\/\/pinheirinhorestaurante.pt\/wp-content\/uploads\/2022\/06\/img_7547.jpg)\"><\/div><div class=\"wp-block-cover__inner-container is-layout-flow wp-block-cover-is-layout-flow\">\n<p class=\"has-text-align-center has-huge-font-size\">O Pinheirinho<\/p>\n\n\n\n<p class=\"has-text-align-center\">Venha descobrir os nossos sabores!<\/p>\n\n\n\n<div style=\"height:32px\" aria-hidden=\"true\" class=\"wp-block-spacer desktop-only\"><\/div>\n\n\n\n<div class=\"wp-block-columns is-layout-flex wp-container-12 wp-block-columns-is-layout-flex\">\n<div class=\"wp-block-column is-layout-flow wp-block-column-is-layout-flow\">\n<h5 class=\"wp-block-heading\">Hor\u00e1rio<\/h5>\n\n\n\n<p class=\"has-text-align-left has-small-font-size\"><strong>Seg. a S\u00e1b. almo\u00e7o: 9:00 &#8211; 14:00 Seg. a S\u00e1b. jantar:  18:00 &#8211; 22:00<br>Dom.: Fechado<\/strong><\/p>\n<\/div>\n\n\n\n<div class=\"wp-block-column is-layout-flow wp-block-column-is-layout-flow\">\n<h5 class=\"wp-block-heading has-text-align-left\">Localiza\u00e7\u00e3o<\/h5>\n\n\n\n<p class=\"has-text-align-left has-small-font-size\"><strong>Rua General Am\u00edlcar Mota 137, 4970-459 Arcos de Valdevez<\/strong><\/p>\n<\/div>\n\n\n\n<div class=\"wp-block-column is-layout-flow wp-block-column-is-layout-flow\">\n<h5 class=\"wp-block-heading has-text-align-left\">Reservas<\/h5>\n\n\n\n<p class=\"has-text-align-left has-small-font-size\"><strong>+351 258 111 076*(*chamada para rede fixa nacional)<br>geral@pinheirinhorestaurante.pt restaurante_mp@sapo.pt<\/strong><\/p>\n\n\n\n<p><\/p>\n<\/div>\n<\/div>\n<\/div><\/div>\n","protected":false},"excerpt":{"rendered":"<p>Bons Sabores Aqui os sabores e os aromas misturam-se para lhe proporcionar uma experi\u00eancia \u00fanica. Peixes, carnes, grelhados ou cozinhados como manda a tradi\u00e7\u00e3o, s\u00e3o apresentados para deliciar os olhos e o paladar. A nossa ementa \u00e9 inspirada na tradicional gastronomia portuguesa, fazendo particular homenagem, \u00e0 cozinha tradicional minhota. As nossas especialidades \u00c1 l\u00e1 Carte<a class=\"more-link\" href=\"https:\/\/pinheirinhorestaurante.pt\/\">Continue reading <\/a><\/p>\n","protected":false},"author":1,"featured_media":0,"parent":0,"menu_order":0,"comment_status":"closed","ping_status":"closed","template":"","meta":{"footnotes":""},"_links":{"self":[{"href":"https:\/\/pinheirinhorestaurante.pt\/index.php\/wp-json\/wp\/v2\/pages\/10"}],"collection":[{"href":"https:\/\/pinheirinhorestaurante.pt\/index.php\/wp-json\/wp\/v2\/pages"}],"about":[{"href":"https:\/\/pinheirinhorestaurante.pt\/index.php\/wp-json\/wp\/v2\/types\/page"}],"author":[{"embeddable":true,"href":"https:\/\/pinheirinhorestaurante.pt\/index.php\/wp-json\/wp\/v2\/users\/1"}],"replies":[{"embeddable":true,"href":"https:\/\/pinheirinhorestaurante.pt\/index.php\/wp-json\/wp\/v2\/comments?post=10"}],"version-history":[{"count":7,"href":"https:\/\/pinheirinhorestaurante.pt\/index.php\/wp-json\/wp\/v2\/pages\/10\/revisions"}],"predecessor-version":[{"id":99,"href":"https:\/\/pinheirinhorestaurante.pt\/index.php\/wp-json\/wp\/v2\/pages\/10\/revisions\/99"}],"wp:attachment":[{"href":"https:\/\/pinheirinhorestaurante.pt\/index.php\/wp-json\/wp\/v2\/media?parent=10"}],"curies":[{"name":"wp","href":"https:\/\/api.w.org\/{rel}","templated":true}]}}